{"id":129,"date":"2024-09-07T16:30:29","date_gmt":"2024-09-07T16:30:29","guid":{"rendered":"https:\/\/hidraucomp.com.br\/?page_id=129"},"modified":"2024-09-08T15:16:16","modified_gmt":"2024-09-08T15:16:16","slug":"politica-de-privacidade","status":"publish","type":"page","link":"https:\/\/hidraucomp.com.br\/index.php\/politica-de-privacidade\/","title":{"rendered":"Pol\u00edtica de Privacidade"},"content":{"rendered":"\t\t<div data-elementor-type=\"wp-page\" data-elementor-id=\"129\" class=\"elementor elementor-129\" data-elementor-post-type=\"page\">\n\t\t\t\t<div class=\"elementor-element elementor-element-1a1cf1a e-flex e-con-boxed elementor-invisible e-con e-parent\" data-id=\"1a1cf1a\" data-element_type=\"container\" data-e-type=\"container\" data-settings=\"{&quot;animation&quot;:&quot;fadeInLeft&quot;}\">\n\t\t\t\t\t<div class=\"e-con-inner\">\n\t\t\t\t<div class=\"elementor-element elementor-element-4a6843e elementor-widget elementor-widget-heading\" data-id=\"4a6843e\" data-element_type=\"widget\" data-e-type=\"widget\" data-widget_type=\"heading.default\">\n\t\t\t\t<div class=\"elementor-widget-container\">\n\t\t\t\t\t<h2 class=\"elementor-heading-title elementor-size-default\">Pol\u00edtica de Privacidade<\/h2>\t\t\t\t<\/div>\n\t\t\t\t<\/div>\n\t\t\t\t<div class=\"elementor-element elementor-element-038116c elementor-widget elementor-widget-text-editor\" data-id=\"038116c\" data-element_type=\"widget\" data-e-type=\"widget\" data-widget_type=\"text-editor.default\">\n\t\t\t\t<div class=\"elementor-widget-container\">\n\t\t\t\t\t\t\t\t\t<p>A sua privacidade \u00e9 importante para n\u00f3s. \u00c9 pol\u00edtica do Hidraucomp Mangueiras Hidr\u00e1ulicas e Industriais respeitar sua privacidade em rela\u00e7\u00e3o a qualquer informa\u00e7\u00e3o que possamos coletar no site Hidraucomp Mangueiras Hidr\u00e1ulicas e Industriais, e em outros sites que possu\u00edmos e operamos.<\/p><p><strong>Coleta de Informa\u00e7\u00f5es Pessoais<\/strong><\/p><p>Solicitamos informa\u00e7\u00f5es pessoais apenas quando realmente precisamos delas para fornecer um servi\u00e7o. Fazemos isso por meios justos e legais, sempre com o seu conhecimento e consentimento. Tamb\u00e9m informamos o motivo da coleta e como esses dados ser\u00e3o utilizados.<\/p><p><strong>Reten\u00e7\u00e3o e Prote\u00e7\u00e3o de Dados<\/strong><\/p><p>Retemos as informa\u00e7\u00f5es coletadas apenas pelo tempo necess\u00e1rio para fornecer o servi\u00e7o solicitado. Quando armazenamos dados, utilizamos m\u00e9todos comercialmente aceit\u00e1veis para proteg\u00ea-los contra perdas, roubos, bem como acesso, divulga\u00e7\u00e3o, c\u00f3pia, uso ou modifica\u00e7\u00e3o n\u00e3o autorizados.<\/p><p><strong>Compartilhamento de Informa\u00e7\u00f5es<\/strong><\/p><p>N\u00e3o compartilhamos informa\u00e7\u00f5es de identifica\u00e7\u00e3o pessoal publicamente ou com terceiros, exceto quando exigido por lei.<\/p><p><strong>Links para Sites Externos<\/strong><\/p><p>Nosso site pode conter links para sites externos que n\u00e3o s\u00e3o operados por n\u00f3s. Esteja ciente de que n\u00e3o temos controle sobre o conte\u00fado e as pr\u00e1ticas desses sites, e n\u00e3o podemos nos responsabilizar por suas pol\u00edticas de privacidade.<\/p><p><strong>Recusa ao Fornecimento de Dados<\/strong><\/p><p>Voc\u00ea \u00e9 livre para recusar nossa solicita\u00e7\u00e3o de informa\u00e7\u00f5es pessoais, entendendo que isso pode nos impedir de fornecer alguns servi\u00e7os desejados.<\/p><p><strong>Aceita\u00e7\u00e3o dos Termos<\/strong><\/p><p>O uso continuado de nosso site ser\u00e1 considerado como aceita\u00e7\u00e3o de nossas pr\u00e1ticas em rela\u00e7\u00e3o \u00e0 privacidade e ao tratamento de informa\u00e7\u00f5es pessoais. Caso tenha d\u00favidas sobre como lidamos com os dados dos usu\u00e1rios, entre em contato conosco.<\/p><p><strong>Cookies e Google AdSense<\/strong><\/p><p>Utilizamos o servi\u00e7o Google AdSense para veicular publicidade, que usa o cookie DoubleClick para exibir an\u00fancios mais relevantes e limitar a quantidade de vezes que um determinado an\u00fancio aparece para voc\u00ea. Para mais informa\u00e7\u00f5es, consulte as FAQs sobre privacidade do Google AdSense.<\/p><p><strong>Publicidade Comportamental<\/strong><\/p><p>Utilizamos an\u00fancios para compensar os custos de opera\u00e7\u00e3o do site e financiar futuros desenvolvimentos. Os cookies de publicidade comportamental permitem fornecer an\u00fancios mais relevantes, rastreando anonimamente seus interesses e apresentando conte\u00fado semelhante que possa ser de seu interesse.<\/p><p><strong>Cookies de Afiliados<\/strong><\/p><p>V\u00e1rios parceiros anunciam em nosso nome, e os cookies de rastreamento de afiliados nos permitem verificar se voc\u00ea acessou nosso site atrav\u00e9s de um parceiro, para que possamos creditar adequadamente a comiss\u00e3o devida e, se aplic\u00e1vel, permitir que nossos parceiros ofere\u00e7am promo\u00e7\u00f5es que possam beneficiar sua compra.<\/p><p><strong>Compromisso do Usu\u00e1rio<\/strong><\/p><p>O usu\u00e1rio se compromete a utilizar adequadamente os conte\u00fados e informa\u00e7\u00f5es fornecidas pelo Hidraucomp Mangueiras Hidr\u00e1ulicas e Industriais, e a n\u00e3o se envolver em atividades como:<\/p><p>&#8211; Atos ilegais ou contr\u00e1rios \u00e0 boa f\u00e9 e \u00e0 ordem p\u00fablica;<br \/>&#8211; Divulga\u00e7\u00e3o de propaganda ou conte\u00fado de car\u00e1ter racista, xenof\u00f3bico, jogos de azar, pornografia ilegal, apologia ao terrorismo ou viola\u00e7\u00e3o dos direitos humanos;<br \/>&#8211; Danos aos sistemas f\u00edsicos (hardware) e l\u00f3gicos (software) do site, de seus fornecedores ou terceiros, atrav\u00e9s da introdu\u00e7\u00e3o de v\u00edrus ou outros softwares maliciosos.<\/p><p><strong>Mais Informa\u00e7\u00f5es<\/strong><\/p><p>Esperamos que esta pol\u00edtica esclare\u00e7a nossas pr\u00e1ticas de privacidade. Para d\u00favidas adicionais, \u00e9 recomend\u00e1vel manter os cookies ativados, especialmente se voc\u00ea utiliza algum dos recursos oferecidos em nosso site.<\/p><p>Esta pol\u00edtica \u00e9 efetiva a partir de 7 de setembro de 2024.<\/p>\t\t\t\t\t\t\t\t<\/div>\n\t\t\t\t<\/div>\n\t\t\t\t\t<\/div>\n\t\t\t\t<\/div>\n\t\t<div class=\"elementor-element elementor-element-997bab6 e-flex e-con-boxed elementor-invisible e-con e-parent\" data-id=\"997bab6\" data-element_type=\"container\" data-e-type=\"container\" data-settings=\"{&quot;animation&quot;:&quot;fadeInLeft&quot;}\">\n\t\t\t\t\t<div class=\"e-con-inner\">\n\t\t<div class=\"elementor-element elementor-element-4a02a7b e-con-full e-flex e-con e-child\" data-id=\"4a02a7b\" data-element_type=\"container\" data-e-type=\"container\">\n\t\t\t\t<div class=\"elementor-element elementor-element-5e59dde elementor-view-framed elementor-position-inline-end elementor-mobile-position-inline-end elementor-shape-circle elementor-widget elementor-widget-icon-box\" data-id=\"5e59dde\" data-element_type=\"widget\" data-e-type=\"widget\" data-widget_type=\"icon-box.default\">\n\t\t\t\t<div class=\"elementor-widget-container\">\n\t\t\t\t\t\t\t<div class=\"elementor-icon-box-wrapper\">\n\n\t\t\t\t\t\t<div class=\"elementor-icon-box-icon\">\n\t\t\t\t<a href=\"https:\/\/hidraucomp.com.br\" class=\"elementor-icon elementor-animation-grow\" tabindex=\"-1\" aria-label=\"HOME\">\n\t\t\t\t<svg aria-hidden=\"true\" class=\"e-font-icon-svg e-fas-arrow-circle-left\" viewBox=\"0 0 512 512\" xmlns=\"http:\/\/www.w3.org\/2000\/svg\"><path d=\"M256 504C119 504 8 393 8 256S119 8 256 8s248 111 248 248-111 248-248 248zm28.9-143.6L209.4 288H392c13.3 0 24-10.7 24-24v-16c0-13.3-10.7-24-24-24H209.4l75.5-72.4c9.7-9.3 9.9-24.8.4-34.3l-11-10.9c-9.4-9.4-24.6-9.4-33.9 0L107.7 239c-9.4 9.4-9.4 24.6 0 33.9l132.7 132.7c9.4 9.4 24.6 9.4 33.9 0l11-10.9c9.5-9.5 9.3-25-.4-34.3z\"><\/path><\/svg>\t\t\t\t<\/a>\n\t\t\t<\/div>\n\t\t\t\n\t\t\t\t\t\t<div class=\"elementor-icon-box-content\">\n\n\t\t\t\t\t\t\t\t\t<h3 class=\"elementor-icon-box-title\">\n\t\t\t\t\t\t<a href=\"https:\/\/hidraucomp.com.br\" >\n\t\t\t\t\t\t\tHOME\t\t\t\t\t\t<\/a>\n\t\t\t\t\t<\/h3>\n\t\t\t\t\n\t\t\t\t\n\t\t\t<\/div>\n\t\t\t\n\t\t<\/div>\n\t\t\t\t\t\t<\/div>\n\t\t\t\t<\/div>\n\t\t\t\t<\/div>\n\t\t<div class=\"elementor-element elementor-element-3433886 e-con-full e-flex e-con e-child\" data-id=\"3433886\" data-element_type=\"container\" data-e-type=\"container\">\n\t\t\t\t<div class=\"elementor-element elementor-element-a6a35c6 elementor-view-framed elementor-position-inline-start elementor-mobile-position-inline-start elementor-shape-circle elementor-widget elementor-widget-icon-box\" data-id=\"a6a35c6\" data-element_type=\"widget\" data-e-type=\"widget\" data-widget_type=\"icon-box.default\">\n\t\t\t\t<div class=\"elementor-widget-container\">\n\t\t\t\t\t\t\t<div class=\"elementor-icon-box-wrapper\">\n\n\t\t\t\t\t\t<div class=\"elementor-icon-box-icon\">\n\t\t\t\t<a href=\"https:\/\/api.whatsapp.com\/send?phone=554130814332\" class=\"elementor-icon elementor-animation-grow\" tabindex=\"-1\" aria-label=\"CONTATO\" target=\"_blank\" rel=\"noopener\">\n\t\t\t\t<svg aria-hidden=\"true\" class=\"e-font-icon-svg e-fas-arrow-circle-right\" viewBox=\"0 0 512 512\" xmlns=\"http:\/\/www.w3.org\/2000\/svg\"><path d=\"M256 8c137 0 248 111 248 248S393 504 256 504 8 393 8 256 119 8 256 8zm-28.9 143.6l75.5 72.4H120c-13.3 0-24 10.7-24 24v16c0 13.3 10.7 24 24 24h182.6l-75.5 72.4c-9.7 9.3-9.9 24.8-.4 34.3l11 10.9c9.4 9.4 24.6 9.4 33.9 0L404.3 273c9.4-9.4 9.4-24.6 0-33.9L271.6 106.3c-9.4-9.4-24.6-9.4-33.9 0l-11 10.9c-9.5 9.6-9.3 25.1.4 34.4z\"><\/path><\/svg>\t\t\t\t<\/a>\n\t\t\t<\/div>\n\t\t\t\n\t\t\t\t\t\t<div class=\"elementor-icon-box-content\">\n\n\t\t\t\t\t\t\t\t\t<h3 class=\"elementor-icon-box-title\">\n\t\t\t\t\t\t<a href=\"https:\/\/api.whatsapp.com\/send?phone=554130814332\" target=\"_blank\" rel=\"noopener\">\n\t\t\t\t\t\t\tCONTATO\t\t\t\t\t\t<\/a>\n\t\t\t\t\t<\/h3>\n\t\t\t\t\n\t\t\t\t\n\t\t\t<\/div>\n\t\t\t\n\t\t<\/div>\n\t\t\t\t\t\t<\/div>\n\t\t\t\t<\/div>\n\t\t\t\t<\/div>\n\t\t\t\t\t<\/div>\n\t\t\t\t<\/div>\n\t\t\t\t<\/div>\n\t\t","protected":false},"excerpt":{"rendered":"<p>Pol\u00edtica de Privacidade A sua privacidade \u00e9 importante para n\u00f3s. \u00c9 pol\u00edtica do Hidraucomp Mangueiras Hidr\u00e1ulicas e Industriais respeitar sua privacidade em rela\u00e7\u00e3o a qualquer informa\u00e7\u00e3o que possamos coletar no site Hidraucomp Mangueiras Hidr\u00e1ulicas e Industriais, e em outros sites que possu\u00edmos e operamos. Coleta de Informa\u00e7\u00f5es Pessoais Solicitamos informa\u00e7\u00f5es pessoais apenas quando realmente precisamos [&hellip;]<\/p>\n","protected":false},"author":1,"featured_media":0,"parent":0,"menu_order":0,"comment_status":"closed","ping_status":"closed","template":"","meta":{"footnotes":""},"class_list":["post-129","page","type-page","status-publish","hentry"],"_links":{"self":[{"href":"https:\/\/hidraucomp.com.br\/index.php\/wp-json\/wp\/v2\/pages\/129","targetHints":{"allow":["GET"]}}],"collection":[{"href":"https:\/\/hidraucomp.com.br\/index.php\/wp-json\/wp\/v2\/pages"}],"about":[{"href":"https:\/\/hidraucomp.com.br\/index.php\/wp-json\/wp\/v2\/types\/page"}],"author":[{"embeddable":true,"href":"https:\/\/hidraucomp.com.br\/index.php\/wp-json\/wp\/v2\/users\/1"}],"replies":[{"embeddable":true,"href":"https:\/\/hidraucomp.com.br\/index.php\/wp-json\/wp\/v2\/comments?post=129"}],"version-history":[{"count":43,"href":"https:\/\/hidraucomp.com.br\/index.php\/wp-json\/wp\/v2\/pages\/129\/revisions"}],"predecessor-version":[{"id":400,"href":"https:\/\/hidraucomp.com.br\/index.php\/wp-json\/wp\/v2\/pages\/129\/revisions\/400"}],"wp:attachment":[{"href":"https:\/\/hidraucomp.com.br\/index.php\/wp-json\/wp\/v2\/media?parent=129"}],"curies":[{"name":"wp","href":"https:\/\/api.w.org\/{rel}","templated":true}]}}